{"id":981,"date":"2024-12-03T12:16:11","date_gmt":"2024-12-03T11:16:11","guid":{"rendered":"https:\/\/arkitek.vincentssl.com\/?post_type=product&#038;p=981"},"modified":"2024-12-05T08:49:01","modified_gmt":"2024-12-05T07:49:01","slug":"arkitek-ticket-team","status":"publish","type":"product","link":"https:\/\/arkitek.vincentssl.com\/index.php\/produit\/arkitek-ticket-team\/","title":{"rendered":"Arkitek Ticket TEAM"},"content":{"rendered":"<p><strong>Forfait Groupe 3 Jours &#8211; Salon d\u2019Architecture<\/strong><br \/>\nD\u00e9couvrez le salon d\u2019architecture en \u00e9quipe avec ce forfait con\u00e7u pour les groupes (3 personnes minimum). Inclut <strong>3 d\u00e9jeuners par personne<\/strong> et un <strong>Pass Tram<\/strong> pour simplifier vos d\u00e9placements. Une offre id\u00e9ale pour partager une exp\u00e9rience enrichissante et inspirante.<\/p>\n","protected":false},"excerpt":{"rendered":"<p><strong>Forfait Groupe 3 Jours &#8211; Salon d\u2019Architecture<\/strong><br \/>\nD\u00e9couvrez le salon d\u2019architecture en \u00e9quipe avec ce forfait con\u00e7u pour les groupes (3 personnes minimum). Inclut <strong>3 d\u00e9jeuners par personne<\/strong> et un <strong>Pass Tram<\/strong> pour simplifier vos d\u00e9placements. Une offre id\u00e9ale pour partager une exp\u00e9rience enrichissante et inspirante.<\/p>\n","protected":false},"featured_media":1508,"template":"","meta":{"_acf_changed":false},"product_brand":[],"product_cat":[87],"product_tag":[],"class_list":{"0":"post-981","1":"product","2":"type-product","3":"status-publish","4":"has-post-thumbnail","6":"product_cat-ticket","8":"first","9":"instock","10":"downloadable","11":"virtual","12":"taxable","13":"purchasable","14":"product-type-simple"},"acf":[],"_links":{"self":[{"href":"https:\/\/arkitek.vincentssl.com\/index.php\/wp-json\/wp\/v2\/product\/981","targetHints":{"allow":["GET"]}}],"collection":[{"href":"https:\/\/arkitek.vincentssl.com\/index.php\/wp-json\/wp\/v2\/product"}],"about":[{"href":"https:\/\/arkitek.vincentssl.com\/index.php\/wp-json\/wp\/v2\/types\/product"}],"wp:featuredmedia":[{"embeddable":true,"href":"https:\/\/arkitek.vincentssl.com\/index.php\/wp-json\/wp\/v2\/media\/1508"}],"wp:attachment":[{"href":"https:\/\/arkitek.vincentssl.com\/index.php\/wp-json\/wp\/v2\/media?parent=981"}],"wp:term":[{"taxonomy":"product_brand","embeddable":true,"href":"https:\/\/arkitek.vincentssl.com\/index.php\/wp-json\/wp\/v2\/product_brand?post=981"},{"taxonomy":"product_cat","embeddable":true,"href":"https:\/\/arkitek.vincentssl.com\/index.php\/wp-json\/wp\/v2\/product_cat?post=981"},{"taxonomy":"product_tag","embeddable":true,"href":"https:\/\/arkitek.vincentssl.com\/index.php\/wp-json\/wp\/v2\/product_tag?post=981"}],"curies":[{"name":"wp","href":"https:\/\/api.w.org\/{rel}","templated":true}]}}