{"id":979,"date":"2024-12-03T12:10:02","date_gmt":"2024-12-03T11:10:02","guid":{"rendered":"https:\/\/arkitek.vincentssl.com\/?post_type=product&#038;p=979"},"modified":"2024-12-05T08:48:18","modified_gmt":"2024-12-05T07:48:18","slug":"arkitek-ticket-vip","status":"publish","type":"product","link":"https:\/\/arkitek.vincentssl.com\/index.php\/produit\/arkitek-ticket-vip\/","title":{"rendered":"Arkitek Ticket VIP"},"content":{"rendered":"<p><strong>Forfait VIP 3 Jours &#8211; Salon d\u2019Architecture<\/strong><br \/>\nVivez le salon d\u2019architecture avec un confort exceptionnel gr\u00e2ce \u00e0 ce forfait VIP. Acc\u00e9dez aux <strong>premiers rangs<\/strong> pour les conf\u00e9rences cl\u00e9s, s\u00e9journez dans un <strong>h\u00f4tel VIP<\/strong>, savourez <strong>3 d\u00e9jeuners inclus<\/strong>, et profitez d\u2019un <strong>Pass Tram<\/strong> pour vos d\u00e9placements. Une exp\u00e9rience exclusive pour des passionn\u00e9s exigeants.<\/p>\n","protected":false},"excerpt":{"rendered":"<p><strong>Forfait VIP 3 Jours &#8211; Salon d\u2019Architecture<\/strong><br \/>\nVivez le salon d\u2019architecture avec un confort exceptionnel gr\u00e2ce \u00e0 ce forfait VIP. Acc\u00e9dez aux <strong>premiers rangs<\/strong> pour les conf\u00e9rences cl\u00e9s, s\u00e9journez dans un <strong>h\u00f4tel VIP<\/strong>, savourez <strong>3 d\u00e9jeuners inclus<\/strong>, et profitez d\u2019un <strong>Pass Tram<\/strong> pour vos d\u00e9placements. Une exp\u00e9rience exclusive pour des passionn\u00e9s exigeants.<\/p>\n","protected":false},"featured_media":1509,"template":"","meta":{"_acf_changed":false},"product_brand":[],"product_cat":[87],"product_tag":[],"class_list":{"0":"post-979","1":"product","2":"type-product","3":"status-publish","4":"has-post-thumbnail","6":"product_cat-ticket","8":"first","9":"instock","10":"downloadable","11":"virtual","12":"taxable","13":"purchasable","14":"product-type-simple"},"acf":[],"_links":{"self":[{"href":"https:\/\/arkitek.vincentssl.com\/index.php\/wp-json\/wp\/v2\/product\/979","targetHints":{"allow":["GET"]}}],"collection":[{"href":"https:\/\/arkitek.vincentssl.com\/index.php\/wp-json\/wp\/v2\/product"}],"about":[{"href":"https:\/\/arkitek.vincentssl.com\/index.php\/wp-json\/wp\/v2\/types\/product"}],"wp:featuredmedia":[{"embeddable":true,"href":"https:\/\/arkitek.vincentssl.com\/index.php\/wp-json\/wp\/v2\/media\/1509"}],"wp:attachment":[{"href":"https:\/\/arkitek.vincentssl.com\/index.php\/wp-json\/wp\/v2\/media?parent=979"}],"wp:term":[{"taxonomy":"product_brand","embeddable":true,"href":"https:\/\/arkitek.vincentssl.com\/index.php\/wp-json\/wp\/v2\/product_brand?post=979"},{"taxonomy":"product_cat","embeddable":true,"href":"https:\/\/arkitek.vincentssl.com\/index.php\/wp-json\/wp\/v2\/product_cat?post=979"},{"taxonomy":"product_tag","embeddable":true,"href":"https:\/\/arkitek.vincentssl.com\/index.php\/wp-json\/wp\/v2\/product_tag?post=979"}],"curies":[{"name":"wp","href":"https:\/\/api.w.org\/{rel}","templated":true}]}}