{"id":977,"date":"2024-12-03T12:03:43","date_gmt":"2024-12-03T11:03:43","guid":{"rendered":"https:\/\/arkitek.vincentssl.com\/?post_type=product&#038;p=977"},"modified":"2024-12-05T08:47:47","modified_gmt":"2024-12-05T07:47:47","slug":"arkitek-ticket-regular","status":"publish","type":"product","link":"https:\/\/arkitek.vincentssl.com\/index.php\/produit\/arkitek-ticket-regular\/","title":{"rendered":"Arkitek Ticket regular"},"content":{"rendered":"<p><strong>Forfait 3 Jours &#8211; Salon d\u2019Architecture<br \/>\n<\/strong><br \/>\nPlongez au c\u0153ur de l\u2019innovation architecturale avec ce pass exclusif 3 jours. Profitez de 3 d\u00e9jeuners inclus pour des pauses conviviales, et d\u00e9placez vous facilement gr\u00e2ce au Pass Tram offert. Une exp\u00e9rience compl\u00e8te pour explorer, apprendre, et \u00e9changer dans un cadre inspirant.<\/p>\n","protected":false},"excerpt":{"rendered":"<p><strong>Forfait 3 Jours &#8211; Salon d\u2019Architecture<br \/>\n<\/strong><br \/>\nPlongez au c\u0153ur de l\u2019innovation architecturale avec ce pass exclusif 3 jours. Profitez de <strong>3 d\u00e9jeuners inclus<\/strong> pour des pauses conviviales, et d\u00e9placez vous facilement gr\u00e2ce au <strong>Pass Tram<\/strong> offert. Une exp\u00e9rience compl\u00e8te pour explorer, apprendre, et \u00e9changer dans un cadre inspirant.<\/p>\n","protected":false},"featured_media":1510,"template":"","meta":{"_acf_changed":false},"product_brand":[],"product_cat":[87],"product_tag":[],"class_list":{"0":"post-977","1":"product","2":"type-product","3":"status-publish","4":"has-post-thumbnail","6":"product_cat-ticket","8":"first","9":"instock","10":"downloadable","11":"virtual","12":"taxable","13":"purchasable","14":"product-type-simple"},"acf":[],"_links":{"self":[{"href":"https:\/\/arkitek.vincentssl.com\/index.php\/wp-json\/wp\/v2\/product\/977","targetHints":{"allow":["GET"]}}],"collection":[{"href":"https:\/\/arkitek.vincentssl.com\/index.php\/wp-json\/wp\/v2\/product"}],"about":[{"href":"https:\/\/arkitek.vincentssl.com\/index.php\/wp-json\/wp\/v2\/types\/product"}],"wp:featuredmedia":[{"embeddable":true,"href":"https:\/\/arkitek.vincentssl.com\/index.php\/wp-json\/wp\/v2\/media\/1510"}],"wp:attachment":[{"href":"https:\/\/arkitek.vincentssl.com\/index.php\/wp-json\/wp\/v2\/media?parent=977"}],"wp:term":[{"taxonomy":"product_brand","embeddable":true,"href":"https:\/\/arkitek.vincentssl.com\/index.php\/wp-json\/wp\/v2\/product_brand?post=977"},{"taxonomy":"product_cat","embeddable":true,"href":"https:\/\/arkitek.vincentssl.com\/index.php\/wp-json\/wp\/v2\/product_cat?post=977"},{"taxonomy":"product_tag","embeddable":true,"href":"https:\/\/arkitek.vincentssl.com\/index.php\/wp-json\/wp\/v2\/product_tag?post=977"}],"curies":[{"name":"wp","href":"https:\/\/api.w.org\/{rel}","templated":true}]}}