{"id":2305,"date":"2024-12-08T12:32:53","date_gmt":"2024-12-08T11:32:53","guid":{"rendered":"https:\/\/arkitek.vincentssl.com\/?page_id=2305"},"modified":"2024-12-08T12:38:51","modified_gmt":"2024-12-08T11:38:51","slug":"conditions-generales-de-vente-cgv","status":"publish","type":"page","link":"https:\/\/arkitek.vincentssl.com\/index.php\/conditions-generales-de-vente-cgv\/","title":{"rendered":"Conditions G\u00e9n\u00e9rales de Vente (CGV)"},"content":{"rendered":"\t\t<div data-elementor-type=\"wp-page\" data-elementor-id=\"2305\" class=\"elementor elementor-2305\" data-elementor-post-type=\"page\">\n\t\t\t\t<div class=\"elementor-element elementor-element-bed780a e-flex e-con-boxed e-con e-parent\" data-id=\"bed780a\" data-element_type=\"container\">\n\t\t\t\t\t<div class=\"e-con-inner\">\n\t\t\t\t<div class=\"elementor-element elementor-element-c49eb0f elementor-widget elementor-widget-spacer\" data-id=\"c49eb0f\" data-element_type=\"widget\" data-widget_type=\"spacer.default\">\n\t\t\t\t<div class=\"elementor-widget-container\">\n\t\t\t\t\t\t\t<div class=\"elementor-spacer\">\n\t\t\t<div class=\"elementor-spacer-inner\"><\/div>\n\t\t<\/div>\n\t\t\t\t\t\t<\/div>\n\t\t\t\t<\/div>\n\t\t\t\t\t<\/div>\n\t\t\t\t<\/div>\n\t\t<div class=\"elementor-element elementor-element-29437c8 e-flex e-con-boxed e-con e-parent\" data-id=\"29437c8\" data-element_type=\"container\">\n\t\t\t\t\t<div class=\"e-con-inner\">\n\t\t<div class=\"elementor-element elementor-element-a802986 e-con-full e-flex e-con e-child\" data-id=\"a802986\" data-element_type=\"container\">\n\t\t\t\t<div class=\"elementor-element elementor-element-96ed0ca elementor-widget elementor-widget-text-editor\" data-id=\"96ed0ca\" data-element_type=\"widget\" data-widget_type=\"text-editor.default\">\n\t\t\t\t<div class=\"elementor-widget-container\">\n\t\t\t\t\t\t\t\t\t<p><strong>Article 1 : Objet<\/strong><br \/><br \/>Les pr\u00e9sentes conditions g\u00e9n\u00e9rales de vente (CGV) r\u00e9gissent les modalit\u00e9s et conditions d\u2019achat des billets propos\u00e9s sur le site ARKITEK pour participer \u00e0 l\u2019\u00e9v\u00e9nement organis\u00e9 par ARKITEK. En achetant des billets sur notre site, le client accepte pleinement et sans r\u00e9serve les pr\u00e9sentes CGV.<\/p>\t\t\t\t\t\t\t\t<\/div>\n\t\t\t\t<\/div>\n\t\t\t\t<\/div>\n\t\t\t\t<div class=\"elementor-element elementor-element-83bbb51 elementor-widget-divider--view-line elementor-widget elementor-widget-divider\" data-id=\"83bbb51\" data-element_type=\"widget\" data-widget_type=\"divider.default\">\n\t\t\t\t<div class=\"elementor-widget-container\">\n\t\t\t\t\t\t\t<div class=\"elementor-divider\">\n\t\t\t<span class=\"elementor-divider-separator\">\n\t\t\t\t\t\t<\/span>\n\t\t<\/div>\n\t\t\t\t\t\t<\/div>\n\t\t\t\t<\/div>\n\t\t\t\t\t<\/div>\n\t\t\t\t<\/div>\n\t\t<div class=\"elementor-element elementor-element-b9927d9 e-flex e-con-boxed e-con e-parent\" data-id=\"b9927d9\" data-element_type=\"container\">\n\t\t\t\t\t<div class=\"e-con-inner\">\n\t\t<div class=\"elementor-element elementor-element-b68801f e-con-full e-flex e-con e-child\" data-id=\"b68801f\" data-element_type=\"container\">\n\t\t\t\t<div class=\"elementor-element elementor-element-5c7de0a elementor-widget elementor-widget-text-editor\" data-id=\"5c7de0a\" data-element_type=\"widget\" data-widget_type=\"text-editor.default\">\n\t\t\t\t<div class=\"elementor-widget-container\">\n\t\t\t\t\t\t\t\t\t<p><strong>Article 2 : Offre et tarifs<\/strong><br \/>Trois types de billets sont propos\u00e9s \u00e0 la vente :<\/p><ol class=\"wp-block-list\"><li><strong>ARKITEK REGULAR<br \/><\/strong><br \/><ul class=\"wp-block-list\"><li>Tarif : 235 \u20ac par personne<\/li><li>Dur\u00e9e : 3 jours<\/li><li>Inclus : 3 d\u00e9jeuners, pass tram<\/li><\/ul><\/li><li><strong>ARKITEK VIP ACCESS<\/strong><br \/><ul class=\"wp-block-list\"><li>Tarif : 489 \u20ac par personne<\/li><li>Dur\u00e9e : 3 jours<\/li><li>Inclus : 3 d\u00e9jeuners, pass tram, h\u00f4tel VIP, acc\u00e8s aux premiers rangs<\/li><\/ul><\/li><li><strong>ARKITEK +3 TEAM<br \/><\/strong><br \/><ul class=\"wp-block-list\"><li>Tarif : 135 \u20ac par personne (minimum 3 billets)<\/li><li>Dur\u00e9e : 3 jours<\/li><li>Inclus : 3 d\u00e9jeuners, pass tram<br \/><br \/><\/li><\/ul><\/li><\/ol><p>Les tarifs incluent les prestations sp\u00e9cifi\u00e9es dans chaque formule. Toute autre d\u00e9pense est \u00e0 la charge exclusive du client.<\/p>\t\t\t\t\t\t\t\t<\/div>\n\t\t\t\t<\/div>\n\t\t\t\t<\/div>\n\t\t\t\t<div class=\"elementor-element elementor-element-469c1b5 elementor-widget-divider--view-line elementor-widget elementor-widget-divider\" data-id=\"469c1b5\" data-element_type=\"widget\" data-widget_type=\"divider.default\">\n\t\t\t\t<div class=\"elementor-widget-container\">\n\t\t\t\t\t\t\t<div class=\"elementor-divider\">\n\t\t\t<span class=\"elementor-divider-separator\">\n\t\t\t\t\t\t<\/span>\n\t\t<\/div>\n\t\t\t\t\t\t<\/div>\n\t\t\t\t<\/div>\n\t\t\t\t\t<\/div>\n\t\t\t\t<\/div>\n\t\t<div class=\"elementor-element elementor-element-d8d0eed e-flex e-con-boxed e-con e-parent\" data-id=\"d8d0eed\" data-element_type=\"container\">\n\t\t\t\t\t<div class=\"e-con-inner\">\n\t\t<div class=\"elementor-element elementor-element-060f4a2 e-con-full e-flex e-con e-child\" data-id=\"060f4a2\" data-element_type=\"container\">\n\t\t\t\t<div class=\"elementor-element elementor-element-db5f940 elementor-widget elementor-widget-text-editor\" data-id=\"db5f940\" data-element_type=\"widget\" data-widget_type=\"text-editor.default\">\n\t\t\t\t<div class=\"elementor-widget-container\">\n\t\t\t\t\t\t\t\t\t<p><strong>Article 3 : Modalit\u00e9s de commande<br \/><\/strong><br \/>3.1\u00a0<strong>Cr\u00e9ation d\u2019un compte<br \/><\/strong><br \/>Pour passer commande, le client doit cr\u00e9er un compte personnel sur le site ARKITEK et fournir des informations exactes et compl\u00e8tes.<br \/><br \/><\/p><p>3.2\u00a0<strong>Validation de la commande<br \/><\/strong><br \/>Apr\u00e8s s\u00e9lection des billets, le client re\u00e7oit un r\u00e9capitulatif d\u00e9taill\u00e9. La commande est valid\u00e9e apr\u00e8s acceptation des CGV et paiement int\u00e9gral. Une confirmation de commande est envoy\u00e9e par e-mail.<br \/><br \/><\/p><p>3.3\u00a0<strong>Modification et annulation<br \/><\/strong><br \/>Toute modification ou annulation est possible sous r\u00e9serve des conditions sp\u00e9cifi\u00e9es \u00e0 l\u2019article 6.<\/p>\t\t\t\t\t\t\t\t<\/div>\n\t\t\t\t<\/div>\n\t\t\t\t<\/div>\n\t\t\t\t<div class=\"elementor-element elementor-element-173062d elementor-widget-divider--view-line elementor-widget elementor-widget-divider\" data-id=\"173062d\" data-element_type=\"widget\" data-widget_type=\"divider.default\">\n\t\t\t\t<div class=\"elementor-widget-container\">\n\t\t\t\t\t\t\t<div class=\"elementor-divider\">\n\t\t\t<span class=\"elementor-divider-separator\">\n\t\t\t\t\t\t<\/span>\n\t\t<\/div>\n\t\t\t\t\t\t<\/div>\n\t\t\t\t<\/div>\n\t\t\t\t\t<\/div>\n\t\t\t\t<\/div>\n\t\t<div class=\"elementor-element elementor-element-17da1d2 e-flex e-con-boxed e-con e-parent\" data-id=\"17da1d2\" data-element_type=\"container\">\n\t\t\t\t\t<div class=\"e-con-inner\">\n\t\t<div class=\"elementor-element elementor-element-86b34ed e-con-full e-flex e-con e-child\" data-id=\"86b34ed\" data-element_type=\"container\">\n\t\t\t\t<div class=\"elementor-element elementor-element-9e8e881 elementor-widget elementor-widget-text-editor\" data-id=\"9e8e881\" data-element_type=\"widget\" data-widget_type=\"text-editor.default\">\n\t\t\t\t<div class=\"elementor-widget-container\">\n\t\t\t\t\t\t\t\t\t<p><strong>Article 4 : Paiement<br \/><\/strong><br \/>Le paiement s\u2019effectue en ligne via les moyens suivants : carte bancaire ou virement s\u00e9curis\u00e9. L\u2019int\u00e9gralit\u00e9 du montant doit \u00eatre r\u00e9gl\u00e9e pour confirmer la commande.<\/p>\t\t\t\t\t\t\t\t<\/div>\n\t\t\t\t<\/div>\n\t\t\t\t<\/div>\n\t\t\t\t<div class=\"elementor-element elementor-element-f4864fd elementor-widget-divider--view-line elementor-widget elementor-widget-divider\" data-id=\"f4864fd\" data-element_type=\"widget\" data-widget_type=\"divider.default\">\n\t\t\t\t<div class=\"elementor-widget-container\">\n\t\t\t\t\t\t\t<div class=\"elementor-divider\">\n\t\t\t<span class=\"elementor-divider-separator\">\n\t\t\t\t\t\t<\/span>\n\t\t<\/div>\n\t\t\t\t\t\t<\/div>\n\t\t\t\t<\/div>\n\t\t\t\t\t<\/div>\n\t\t\t\t<\/div>\n\t\t<div class=\"elementor-element elementor-element-9ce731c e-flex e-con-boxed e-con e-parent\" data-id=\"9ce731c\" data-element_type=\"container\">\n\t\t\t\t\t<div class=\"e-con-inner\">\n\t\t<div class=\"elementor-element elementor-element-3504987 e-con-full e-flex e-con e-child\" data-id=\"3504987\" data-element_type=\"container\">\n\t\t\t\t<div class=\"elementor-element elementor-element-5d01ede elementor-widget elementor-widget-text-editor\" data-id=\"5d01ede\" data-element_type=\"widget\" data-widget_type=\"text-editor.default\">\n\t\t\t\t<div class=\"elementor-widget-container\">\n\t\t\t\t\t\t\t\t\t<p><strong>Article 5 : T\u00e9l\u00e9chargement des billets<br \/><\/strong><br \/>5.1\u00a0<strong>Mise \u00e0 disposition<br \/><\/strong><br \/>Les billets sont t\u00e9l\u00e9chargeables directement depuis le compte client apr\u00e8s confirmation du paiement.<\/p><p>5.2\u00a0<strong>Responsabilit\u00e9 du client<br \/><\/strong><br \/>Le client est responsable de l\u2019impression ou de la pr\u00e9sentation num\u00e9rique du billet lors de l\u2019\u00e9v\u00e9nement. ARKITEK ne pourra \u00eatre tenu responsable en cas de perte ou de non-pr\u00e9sentation du billet.<\/p>\t\t\t\t\t\t\t\t<\/div>\n\t\t\t\t<\/div>\n\t\t\t\t<\/div>\n\t\t\t\t<div class=\"elementor-element elementor-element-852de1d elementor-widget-divider--view-line elementor-widget elementor-widget-divider\" data-id=\"852de1d\" data-element_type=\"widget\" data-widget_type=\"divider.default\">\n\t\t\t\t<div class=\"elementor-widget-container\">\n\t\t\t\t\t\t\t<div class=\"elementor-divider\">\n\t\t\t<span class=\"elementor-divider-separator\">\n\t\t\t\t\t\t<\/span>\n\t\t<\/div>\n\t\t\t\t\t\t<\/div>\n\t\t\t\t<\/div>\n\t\t\t\t\t<\/div>\n\t\t\t\t<\/div>\n\t\t<div class=\"elementor-element elementor-element-be4cfa3 e-flex e-con-boxed e-con e-parent\" data-id=\"be4cfa3\" data-element_type=\"container\">\n\t\t\t\t\t<div class=\"e-con-inner\">\n\t\t<div class=\"elementor-element elementor-element-d97a5c8 e-con-full e-flex e-con e-child\" data-id=\"d97a5c8\" data-element_type=\"container\">\n\t\t\t\t<div class=\"elementor-element elementor-element-f3fd3b2 elementor-widget elementor-widget-text-editor\" data-id=\"f3fd3b2\" data-element_type=\"widget\" data-widget_type=\"text-editor.default\">\n\t\t\t\t<div class=\"elementor-widget-container\">\n\t\t\t\t\t\t\t\t\t<p><strong>Article 6 : Annulation et remboursement<br \/><\/strong><br \/>6.1\u00a0<strong>Conditions g\u00e9n\u00e9rales d\u2019annulation<br \/><br \/><\/strong><\/p><ul class=\"wp-block-list\"><li>Toute demande d\u2019annulation doit \u00eatre effectu\u00e9e par \u00e9crit \u00e0 l\u2019adresse e-mail de contact : support@arkitek.com.<\/li><li>Si la demande est effectu\u00e9e jusqu\u2019\u00e0 30 jours avant le d\u00e9but de l\u2019\u00e9v\u00e9nement : remboursement int\u00e9gral.<\/li><li>Entre 29 et 15 jours avant l\u2019\u00e9v\u00e9nement : remboursement \u00e0 hauteur de 50 %.<\/li><li>Moins de 15 jours avant l\u2019\u00e9v\u00e9nement : aucun remboursement possible.<br \/><br \/><\/li><\/ul><p>6.2\u00a0<strong>Cas de force majeure<br \/><\/strong><br \/>En cas d\u2019annulation de l\u2019\u00e9v\u00e9nement pour des raisons ind\u00e9pendantes de la volont\u00e9 d\u2019ARKITEK (force majeure, pand\u00e9mie, catastrophe naturelle), un remboursement ou un avoir sera propos\u00e9.<\/p>\t\t\t\t\t\t\t\t<\/div>\n\t\t\t\t<\/div>\n\t\t\t\t<\/div>\n\t\t\t\t<div class=\"elementor-element elementor-element-dd5cc9e elementor-widget-divider--view-line elementor-widget elementor-widget-divider\" data-id=\"dd5cc9e\" data-element_type=\"widget\" data-widget_type=\"divider.default\">\n\t\t\t\t<div class=\"elementor-widget-container\">\n\t\t\t\t\t\t\t<div class=\"elementor-divider\">\n\t\t\t<span class=\"elementor-divider-separator\">\n\t\t\t\t\t\t<\/span>\n\t\t<\/div>\n\t\t\t\t\t\t<\/div>\n\t\t\t\t<\/div>\n\t\t\t\t\t<\/div>\n\t\t\t\t<\/div>\n\t\t<div class=\"elementor-element elementor-element-4b11fcb e-flex e-con-boxed e-con e-parent\" data-id=\"4b11fcb\" data-element_type=\"container\">\n\t\t\t\t\t<div class=\"e-con-inner\">\n\t\t<div class=\"elementor-element elementor-element-ad4ac26 e-con-full e-flex e-con e-child\" data-id=\"ad4ac26\" data-element_type=\"container\">\n\t\t\t\t<div class=\"elementor-element elementor-element-308df9a elementor-widget elementor-widget-text-editor\" data-id=\"308df9a\" data-element_type=\"widget\" data-widget_type=\"text-editor.default\">\n\t\t\t\t<div class=\"elementor-widget-container\">\n\t\t\t\t\t\t\t\t\t<p><strong>Article 7 : Responsabilit\u00e9s<br \/><\/strong><br \/>ARKITEK ne pourra \u00eatre tenu responsable de tout dommage, perte ou vol survenu pendant l\u2019\u00e9v\u00e9nement. Le client est seul responsable de ses effets personnels et de ses d\u00e9placements pour se rendre sur le lieu de l\u2019\u00e9v\u00e9nement.<\/p>\t\t\t\t\t\t\t\t<\/div>\n\t\t\t\t<\/div>\n\t\t\t\t<\/div>\n\t\t\t\t<div class=\"elementor-element elementor-element-5f5dcb8 elementor-widget-divider--view-line elementor-widget elementor-widget-divider\" data-id=\"5f5dcb8\" data-element_type=\"widget\" data-widget_type=\"divider.default\">\n\t\t\t\t<div class=\"elementor-widget-container\">\n\t\t\t\t\t\t\t<div class=\"elementor-divider\">\n\t\t\t<span class=\"elementor-divider-separator\">\n\t\t\t\t\t\t<\/span>\n\t\t<\/div>\n\t\t\t\t\t\t<\/div>\n\t\t\t\t<\/div>\n\t\t\t\t\t<\/div>\n\t\t\t\t<\/div>\n\t\t<div class=\"elementor-element elementor-element-3bb9ec0 e-flex e-con-boxed e-con e-parent\" data-id=\"3bb9ec0\" data-element_type=\"container\">\n\t\t\t\t\t<div class=\"e-con-inner\">\n\t\t<div class=\"elementor-element elementor-element-533f871 e-con-full e-flex e-con e-child\" data-id=\"533f871\" data-element_type=\"container\">\n\t\t\t\t<div class=\"elementor-element elementor-element-ca5ff54 elementor-widget elementor-widget-text-editor\" data-id=\"ca5ff54\" data-element_type=\"widget\" data-widget_type=\"text-editor.default\">\n\t\t\t\t<div class=\"elementor-widget-container\">\n\t\t\t\t\t\t\t\t\t<p><strong>Article 8 : Donn\u00e9es personnelles<br \/><\/strong><br \/>Les informations personnelles recueillies sont utilis\u00e9es uniquement dans le cadre de la gestion de la commande et de la relation client. Conform\u00e9ment au RGPD, le client dispose d\u2019un droit d\u2019acc\u00e8s, de modification et de suppression de ses donn\u00e9es personnelles.<\/p>\t\t\t\t\t\t\t\t<\/div>\n\t\t\t\t<\/div>\n\t\t\t\t<\/div>\n\t\t\t\t<div class=\"elementor-element elementor-element-819d363 elementor-widget-divider--view-line elementor-widget elementor-widget-divider\" data-id=\"819d363\" data-element_type=\"widget\" data-widget_type=\"divider.default\">\n\t\t\t\t<div class=\"elementor-widget-container\">\n\t\t\t\t\t\t\t<div class=\"elementor-divider\">\n\t\t\t<span class=\"elementor-divider-separator\">\n\t\t\t\t\t\t<\/span>\n\t\t<\/div>\n\t\t\t\t\t\t<\/div>\n\t\t\t\t<\/div>\n\t\t\t\t\t<\/div>\n\t\t\t\t<\/div>\n\t\t<div class=\"elementor-element elementor-element-8383f91 e-flex e-con-boxed e-con e-parent\" data-id=\"8383f91\" data-element_type=\"container\">\n\t\t\t\t\t<div class=\"e-con-inner\">\n\t\t<div class=\"elementor-element elementor-element-08afff2 e-con-full e-flex e-con e-child\" data-id=\"08afff2\" data-element_type=\"container\">\n\t\t\t\t<div class=\"elementor-element elementor-element-3775377 elementor-widget elementor-widget-text-editor\" data-id=\"3775377\" data-element_type=\"widget\" data-widget_type=\"text-editor.default\">\n\t\t\t\t<div class=\"elementor-widget-container\">\n\t\t\t\t\t\t\t\t\t<p><strong>Article 9 : Litiges<br \/><\/strong><br \/>En cas de litige, les parties s\u2019engagent \u00e0 rechercher une solution amiable. \u00c0 d\u00e9faut, le tribunal comp\u00e9tent sera celui du si\u00e8ge social d\u2019ARKITEK.<\/p>\t\t\t\t\t\t\t\t<\/div>\n\t\t\t\t<\/div>\n\t\t\t\t<\/div>\n\t\t\t\t<div class=\"elementor-element elementor-element-f48f499 elementor-widget-divider--view-line elementor-widget elementor-widget-divider\" data-id=\"f48f499\" data-element_type=\"widget\" data-widget_type=\"divider.default\">\n\t\t\t\t<div class=\"elementor-widget-container\">\n\t\t\t\t\t\t\t<div class=\"elementor-divider\">\n\t\t\t<span class=\"elementor-divider-separator\">\n\t\t\t\t\t\t<\/span>\n\t\t<\/div>\n\t\t\t\t\t\t<\/div>\n\t\t\t\t<\/div>\n\t\t\t\t\t<\/div>\n\t\t\t\t<\/div>\n\t\t<div class=\"elementor-element elementor-element-bba2692 e-flex e-con-boxed e-con e-parent\" data-id=\"bba2692\" data-element_type=\"container\">\n\t\t\t\t\t<div class=\"e-con-inner\">\n\t\t<div class=\"elementor-element elementor-element-9bb4903 e-con-full e-flex e-con e-child\" data-id=\"9bb4903\" data-element_type=\"container\">\n\t\t\t\t<div class=\"elementor-element elementor-element-5b1a94f elementor-widget elementor-widget-text-editor\" data-id=\"5b1a94f\" data-element_type=\"widget\" data-widget_type=\"text-editor.default\">\n\t\t\t\t<div class=\"elementor-widget-container\">\n\t\t\t\t\t\t\t\t\t<p><strong>Contact :<br \/><\/strong><br \/>Pour toute question, contactez-nous \u00e0 support@arkitek.com.<\/p><p>Ces conditions sont fictives et adapt\u00e9es \u00e0 des besoins p\u00e9dagogiques.<\/p>\t\t\t\t\t\t\t\t<\/div>\n\t\t\t\t<\/div>\n\t\t\t\t<\/div>\n\t\t\t\t<div class=\"elementor-element elementor-element-b646e0e elementor-widget-divider--view-line elementor-widget elementor-widget-divider\" data-id=\"b646e0e\" data-element_type=\"widget\" data-widget_type=\"divider.default\">\n\t\t\t\t<div class=\"elementor-widget-container\">\n\t\t\t\t\t\t\t<div class=\"elementor-divider\">\n\t\t\t<span class=\"elementor-divider-separator\">\n\t\t\t\t\t\t<\/span>\n\t\t<\/div>\n\t\t\t\t\t\t<\/div>\n\t\t\t\t<\/div>\n\t\t\t\t\t<\/div>\n\t\t\t\t<\/div>\n\t\t\t\t<\/div>\n\t\t","protected":false},"excerpt":{"rendered":"<p>Article 1 : Objet Les pr\u00e9sentes conditions g\u00e9n\u00e9rales de vente (CGV) r\u00e9gissent les modalit\u00e9s et conditions d\u2019achat des billets propos\u00e9s sur le site ARKITEK pour participer \u00e0 l\u2019\u00e9v\u00e9nement organis\u00e9 par ARKITEK. En achetant des billets sur notre site, le client accepte pleinement et sans r\u00e9serve les pr\u00e9sentes CGV. Article 2 : Offre et tarifsTrois types [&hellip;]<\/p>\n","protected":false},"author":1,"featured_media":0,"parent":0,"menu_order":0,"comment_status":"closed","ping_status":"closed","template":"","meta":{"_acf_changed":false,"footnotes":""},"class_list":["post-2305","page","type-page","status-publish","hentry"],"acf":[],"_links":{"self":[{"href":"https:\/\/arkitek.vincentssl.com\/index.php\/wp-json\/wp\/v2\/pages\/2305","targetHints":{"allow":["GET"]}}],"collection":[{"href":"https:\/\/arkitek.vincentssl.com\/index.php\/wp-json\/wp\/v2\/pages"}],"about":[{"href":"https:\/\/arkitek.vincentssl.com\/index.php\/wp-json\/wp\/v2\/types\/page"}],"author":[{"embeddable":true,"href":"https:\/\/arkitek.vincentssl.com\/index.php\/wp-json\/wp\/v2\/users\/1"}],"replies":[{"embeddable":true,"href":"https:\/\/arkitek.vincentssl.com\/index.php\/wp-json\/wp\/v2\/comments?post=2305"}],"version-history":[{"count":0,"href":"https:\/\/arkitek.vincentssl.com\/index.php\/wp-json\/wp\/v2\/pages\/2305\/revisions"}],"wp:attachment":[{"href":"https:\/\/arkitek.vincentssl.com\/index.php\/wp-json\/wp\/v2\/media?parent=2305"}],"curies":[{"name":"wp","href":"https:\/\/api.w.org\/{rel}","templated":true}]}}